{"id":79,"date":"2022-10-06T08:27:23","date_gmt":"2022-10-06T08:27:23","guid":{"rendered":"https:\/\/www.microfintechinc.com\/?page_id=79"},"modified":"2022-10-10T01:54:53","modified_gmt":"2022-10-10T01:54:53","slug":"respuesta","status":"publish","type":"page","link":"https:\/\/www.microfintechinc.com\/es\/respuesta\/","title":{"rendered":"Respuesta"},"content":{"rendered":"\n<h1 class=\"has-text-align-center wp-block-heading\" style=\"font-size:44px;text-transform:capitalize\"><strong>Respuesta de MicroFinTech<\/strong><\/h1>\n\n\n\n<ul class=\"wp-block-list\" style=\"font-size:32px\"><li>Acompa\u00f1ar IMFs en su Transformaci\u00f3n Organizacional y Digital y capacitaci\u00f3n a empleados en el proceso<\/li><li>Core bancario de arquitectura abierta, basado en la nube y de vanguardia, y plataforma basada en tecnolog\u00edas m\u00f3viles<\/li><li>Operaciones digitalizadas , virtualizadas y optimizadas, conectando toda la cadena de valor de las IMFs en tiempo real y en el campo<\/li><li>Permitir la inclusi\u00f3n financiera y digital para los clientes de IMFs<\/li><li>La plataforma tiene un historial comprobado como la m\u00e1s avanzada tecnol\u00f3gicamente en Costa Rica y las Am\u00e9ricas<\/li><\/ul>\n","protected":false},"excerpt":{"rendered":"<p>Respuesta de MicroFinTech Acompa\u00f1ar IMFs en su Transformaci\u00f3n Organizacional y Digital y capacitaci\u00f3n a empleados en el proceso Core bancario de arquitectura abierta, basado en la nube y de vanguardia, y plataforma basada en tecnolog\u00edas m\u00f3viles Operaciones digitalizadas , virtualizadas y optimizadas, conectando toda la cadena de valor de las IMFs en tiempo real y &hellip;<\/p>\n<p class=\"read-more\"> <a class=\"\" href=\"https:\/\/www.microfintechinc.com\/es\/respuesta\/\"> <span class=\"screen-reader-text\">Respuesta<\/span> Read More \u00bb<\/a><\/p>\n","protected":false},"author":1,"featured_media":0,"parent":0,"menu_order":3,"comment_status":"closed","ping_status":"closed","template":"","meta":{"site-sidebar-layout":"default","site-content-layout":"default","ast-global-header-display":"","ast-main-header-display":"","ast-hfb-above-header-display":"","ast-hfb-below-header-display":"","ast-hfb-mobile-header-display":"","site-post-title":"disabled","ast-breadcrumbs-content":"","ast-featured-img":"","footer-sml-layout":"","theme-transparent-header-meta":"","adv-header-id-meta":"","stick-header-meta":"","header-above-stick-meta":"","header-main-stick-meta":"","header-below-stick-meta":"","footnotes":""},"class_list":["post-79","page","type-page","status-publish","hentry"],"_links":{"self":[{"href":"https:\/\/www.microfintechinc.com\/es\/wp-json\/wp\/v2\/pages\/79","targetHints":{"allow":["GET"]}}],"collection":[{"href":"https:\/\/www.microfintechinc.com\/es\/wp-json\/wp\/v2\/pages"}],"about":[{"href":"https:\/\/www.microfintechinc.com\/es\/wp-json\/wp\/v2\/types\/page"}],"author":[{"embeddable":true,"href":"https:\/\/www.microfintechinc.com\/es\/wp-json\/wp\/v2\/users\/1"}],"replies":[{"embeddable":true,"href":"https:\/\/www.microfintechinc.com\/es\/wp-json\/wp\/v2\/comments?post=79"}],"version-history":[{"count":9,"href":"https:\/\/www.microfintechinc.com\/es\/wp-json\/wp\/v2\/pages\/79\/revisions"}],"predecessor-version":[{"id":683,"href":"https:\/\/www.microfintechinc.com\/es\/wp-json\/wp\/v2\/pages\/79\/revisions\/683"}],"wp:attachment":[{"href":"https:\/\/www.microfintechinc.com\/es\/wp-json\/wp\/v2\/media?parent=79"}],"curies":[{"name":"wp","href":"https:\/\/api.w.org\/{rel}","templated":true}]}}