{"id":40,"date":"2022-10-06T07:40:28","date_gmt":"2022-10-06T07:40:28","guid":{"rendered":"https:\/\/www.microfintechinc.com\/?page_id=40"},"modified":"2022-10-10T01:54:29","modified_gmt":"2022-10-10T01:54:29","slug":"desafios","status":"publish","type":"page","link":"https:\/\/www.microfintechinc.com\/es\/desafios\/","title":{"rendered":"Desafios para IMFs"},"content":{"rendered":"\n<h1 class=\"has-text-align-center wp-block-heading\" style=\"font-size:44px;text-transform:capitalize\"><strong>Desafios para IMFs<\/strong><\/h1>\n\n\n\n<ul class=\"wp-block-list\" style=\"font-size:32px\"><li>Debido a metodolog\u00edas crediticias y pr\u00e9stamos peque\u00f1os, IMFs con tecnolog\u00edas obsoletas incurren altos costos operativos<\/li><li>Las operaciones de campo generan desaf\u00edos y costos operativos adicionales, y pueden generar interrupciones en tiempos de crisis<\/li><li>Los jugadores nuevos y transformados en industria est\u00e1n superando estos desaf\u00edos y podr\u00edan desplazar a las IMFs convencionales<\/li><\/ul>\n\n\n\n<p><\/p>\n","protected":false},"excerpt":{"rendered":"<p>Desafios para IMFs Debido a metodolog\u00edas crediticias y pr\u00e9stamos peque\u00f1os, IMFs con tecnolog\u00edas obsoletas incurren altos costos operativos Las operaciones de campo generan desaf\u00edos y costos operativos adicionales, y pueden generar interrupciones en tiempos de crisis Los jugadores nuevos y transformados en industria est\u00e1n superando estos desaf\u00edos y podr\u00edan desplazar a las IMFs convencionales<\/p>\n","protected":false},"author":1,"featured_media":0,"parent":0,"menu_order":2,"comment_status":"closed","ping_status":"closed","template":"","meta":{"site-sidebar-layout":"default","site-content-layout":"default","ast-global-header-display":"","ast-main-header-display":"","ast-hfb-above-header-display":"","ast-hfb-below-header-display":"","ast-hfb-mobile-header-display":"","site-post-title":"disabled","ast-breadcrumbs-content":"","ast-featured-img":"","footer-sml-layout":"","theme-transparent-header-meta":"","adv-header-id-meta":"","stick-header-meta":"","header-above-stick-meta":"","header-main-stick-meta":"","header-below-stick-meta":"","footnotes":""},"class_list":["post-40","page","type-page","status-publish","hentry"],"_links":{"self":[{"href":"https:\/\/www.microfintechinc.com\/es\/wp-json\/wp\/v2\/pages\/40","targetHints":{"allow":["GET"]}}],"collection":[{"href":"https:\/\/www.microfintechinc.com\/es\/wp-json\/wp\/v2\/pages"}],"about":[{"href":"https:\/\/www.microfintechinc.com\/es\/wp-json\/wp\/v2\/types\/page"}],"author":[{"embeddable":true,"href":"https:\/\/www.microfintechinc.com\/es\/wp-json\/wp\/v2\/users\/1"}],"replies":[{"embeddable":true,"href":"https:\/\/www.microfintechinc.com\/es\/wp-json\/wp\/v2\/comments?post=40"}],"version-history":[{"count":21,"href":"https:\/\/www.microfintechinc.com\/es\/wp-json\/wp\/v2\/pages\/40\/revisions"}],"predecessor-version":[{"id":682,"href":"https:\/\/www.microfintechinc.com\/es\/wp-json\/wp\/v2\/pages\/40\/revisions\/682"}],"wp:attachment":[{"href":"https:\/\/www.microfintechinc.com\/es\/wp-json\/wp\/v2\/media?parent=40"}],"curies":[{"name":"wp","href":"https:\/\/api.w.org\/{rel}","templated":true}]}}