{"id":21,"date":"2022-10-06T06:55:40","date_gmt":"2022-10-06T06:55:40","guid":{"rendered":"https:\/\/www.microfintechinc.com\/?page_id=21"},"modified":"2025-06-24T00:26:35","modified_gmt":"2025-06-24T00:26:35","slug":"quienes-somos","status":"publish","type":"page","link":"https:\/\/www.microfintechinc.com\/es\/","title":{"rendered":"\u00bfQuienes somos?"},"content":{"rendered":"\n<h1 class=\"wp-block-heading has-text-align-center\" style=\"font-size:44px;text-transform:capitalize\"><strong>\u00bfQuienes somos?<\/strong><\/h1>\n\n\n\n<p style=\"font-size:32px\">MicroFinTech fue creado en el 2020 por el equipo que lider\u00f3 la transformaci\u00f3n digital de Grameen Costa Rica.<\/p>\n\n\n\n<p style=\"font-size:32px\">MicroFinTech ayuda con la Transformaci\u00f3n Digital de IMFs:<\/p>\n\n\n\n<div class=\"wp-block-media-text alignwide is-stacked-on-mobile\" style=\"grid-template-columns:24% auto\"><figure class=\"wp-block-media-text__media\"><img loading=\"lazy\" decoding=\"async\" width=\"1024\" height=\"872\" src=\"https:\/\/www.microfintechinc.com\/wp-content\/uploads\/2022\/10\/PTP-espanol-1024x872.png\" alt=\"\" class=\"wp-image-710 size-full\" srcset=\"https:\/\/www.microfintechinc.com\/wp-content\/uploads\/2022\/10\/PTP-espanol-1024x872.png 1024w, https:\/\/www.microfintechinc.com\/wp-content\/uploads\/2022\/10\/PTP-espanol-300x256.png 300w, https:\/\/www.microfintechinc.com\/wp-content\/uploads\/2022\/10\/PTP-espanol-768x654.png 768w, https:\/\/www.microfintechinc.com\/wp-content\/uploads\/2022\/10\/PTP-espanol-14x12.png 14w, https:\/\/www.microfintechinc.com\/wp-content\/uploads\/2022\/10\/PTP-espanol.png 1268w\" sizes=\"auto, (max-width: 1024px) 100vw, 1024px\" \/><\/figure><div class=\"wp-block-media-text__content\">\n<ul style=\"font-size:28px\" id=\"block-3f3b486e-3a2d-4c52-8d33-3bc5e46c29de\" class=\"wp-block-list\">\n<li>Estrategia de Transformaci\u00f3n Digital<\/li>\n\n\n\n<li>Ruta Digital y Digitalizaci\u00f3n de Procesos<\/li>\n\n\n\n<li>Implementaci\u00f3n de Plataforma MicroFinTech como SaaS<\/li>\n\n\n\n<li>Desarrollo de software a medida y SaaS<\/li>\n\n\n\n<li>Transformaci\u00f3n y outsourcing de procesos TI<\/li>\n\n\n\n<li>Implementaci\u00f3n de soluciones AI para microfinancieras<\/li>\n<\/ul>\n<\/div><\/div>\n","protected":false},"excerpt":{"rendered":"<p>\u00bfQuienes somos? MicroFinTech fue creado en el 2020 por el equipo que lider\u00f3 la transformaci\u00f3n digital de Grameen Costa Rica. MicroFinTech ayuda con la Transformaci\u00f3n Digital de IMFs:<\/p>\n","protected":false},"author":1,"featured_media":0,"parent":0,"menu_order":1,"comment_status":"closed","ping_status":"closed","template":"","meta":{"site-sidebar-layout":"default","site-content-layout":"content-boxed-container","ast-global-header-display":"","ast-main-header-display":"","ast-hfb-above-header-display":"","ast-hfb-below-header-display":"","ast-hfb-mobile-header-display":"","site-post-title":"disabled","ast-breadcrumbs-content":"","ast-featured-img":"","footer-sml-layout":"","theme-transparent-header-meta":"","adv-header-id-meta":"","stick-header-meta":"","header-above-stick-meta":"","header-main-stick-meta":"","header-below-stick-meta":"","footnotes":""},"class_list":["post-21","page","type-page","status-publish","hentry"],"_links":{"self":[{"href":"https:\/\/www.microfintechinc.com\/es\/wp-json\/wp\/v2\/pages\/21","targetHints":{"allow":["GET"]}}],"collection":[{"href":"https:\/\/www.microfintechinc.com\/es\/wp-json\/wp\/v2\/pages"}],"about":[{"href":"https:\/\/www.microfintechinc.com\/es\/wp-json\/wp\/v2\/types\/page"}],"author":[{"embeddable":true,"href":"https:\/\/www.microfintechinc.com\/es\/wp-json\/wp\/v2\/users\/1"}],"replies":[{"embeddable":true,"href":"https:\/\/www.microfintechinc.com\/es\/wp-json\/wp\/v2\/comments?post=21"}],"version-history":[{"count":100,"href":"https:\/\/www.microfintechinc.com\/es\/wp-json\/wp\/v2\/pages\/21\/revisions"}],"predecessor-version":[{"id":747,"href":"https:\/\/www.microfintechinc.com\/es\/wp-json\/wp\/v2\/pages\/21\/revisions\/747"}],"wp:attachment":[{"href":"https:\/\/www.microfintechinc.com\/es\/wp-json\/wp\/v2\/media?parent=21"}],"curies":[{"name":"wp","href":"https:\/\/api.w.org\/{rel}","templated":true}]}}