{"id":200,"date":"2022-10-06T23:31:23","date_gmt":"2022-10-06T23:31:23","guid":{"rendered":"https:\/\/www.microfintechinc.com\/?page_id=200"},"modified":"2022-10-10T01:55:41","modified_gmt":"2022-10-10T01:55:41","slug":"beneficios","status":"publish","type":"page","link":"https:\/\/www.microfintechinc.com\/es\/beneficios\/","title":{"rendered":"Beneficios"},"content":{"rendered":"\n<h1 class=\"has-text-align-center wp-block-heading\" style=\"font-size:44px\"><strong>Beneficios de MicroFinTech<\/strong><\/h1>\n\n\n\n<div class=\"wp-block-media-text alignwide is-stacked-on-mobile\" style=\"grid-template-columns:35% auto\"><figure class=\"wp-block-media-text__media\"><img loading=\"lazy\" decoding=\"async\" width=\"639\" height=\"375\" src=\"https:\/\/www.microfintechinc.com\/wp-content\/uploads\/2022\/10\/Picture3.jpg\" alt=\"\" class=\"wp-image-353 size-full\" srcset=\"https:\/\/www.microfintechinc.com\/wp-content\/uploads\/2022\/10\/Picture3.jpg 639w, https:\/\/www.microfintechinc.com\/wp-content\/uploads\/2022\/10\/Picture3-300x176.jpg 300w\" sizes=\"auto, (max-width: 639px) 100vw, 639px\" \/><\/figure><div class=\"wp-block-media-text__content\">\n<ul class=\"wp-block-list\" id=\"block-02dd6148-7d77-4aca-b8ad-851924f1efe9\" style=\"font-size:28px\"><li>Habilita reducci\u00f3n de costos en un 45 % o aumento de cartera crediticia en un 80 % sobre la misma base de costos fijos<\/li><li>Incrementa los ingresos por pr\u00e9stamo<\/li><\/ul>\n<\/div><\/div>\n\n\n\n<div class=\"wp-block-media-text alignwide is-stacked-on-mobile\" style=\"grid-template-columns:35% auto\"><figure class=\"wp-block-media-text__media\"><img loading=\"lazy\" decoding=\"async\" width=\"639\" height=\"419\" src=\"https:\/\/www.microfintechinc.com\/wp-content\/uploads\/2022\/10\/Picture4.png\" alt=\"\" class=\"wp-image-355 size-full\" srcset=\"https:\/\/www.microfintechinc.com\/wp-content\/uploads\/2022\/10\/Picture4.png 639w, https:\/\/www.microfintechinc.com\/wp-content\/uploads\/2022\/10\/Picture4-300x197.png 300w\" sizes=\"auto, (max-width: 639px) 100vw, 639px\" \/><\/figure><div class=\"wp-block-media-text__content\">\n<ul class=\"wp-block-list\" id=\"block-02dd6148-7d77-4aca-b8ad-851924f1efe9\" style=\"font-size:28px\"><li>Mejora la sostenibilidad al aumentar la flexibilidad operativa: el cliente referencia no par\u00f3 su operaci\u00f3n en temporada de Covid y aument\u00f3 su cartera de cr\u00e9ditos en un 30% tanto en 2020 como en 2021<\/li><li>Aumenta los beneficios sociales para las partes interesadas<\/li><\/ul>\n<\/div><\/div>\n","protected":false},"excerpt":{"rendered":"<p>Beneficios de MicroFinTech Habilita reducci\u00f3n de costos en un 45 % o aumento de cartera crediticia en un 80 % sobre la misma base de costos fijos Incrementa los ingresos por pr\u00e9stamo Mejora la sostenibilidad al aumentar la flexibilidad operativa: el cliente referencia no par\u00f3 su operaci\u00f3n en temporada de Covid y aument\u00f3 su cartera &hellip;<\/p>\n<p class=\"read-more\"> <a class=\"\" href=\"https:\/\/www.microfintechinc.com\/es\/beneficios\/\"> <span class=\"screen-reader-text\">Beneficios<\/span> Read More \u00bb<\/a><\/p>\n","protected":false},"author":1,"featured_media":0,"parent":0,"menu_order":5,"comment_status":"closed","ping_status":"closed","template":"","meta":{"site-sidebar-layout":"default","site-content-layout":"default","ast-global-header-display":"","ast-main-header-display":"","ast-hfb-above-header-display":"","ast-hfb-below-header-display":"","ast-hfb-mobile-header-display":"","site-post-title":"disabled","ast-breadcrumbs-content":"","ast-featured-img":"","footer-sml-layout":"","theme-transparent-header-meta":"","adv-header-id-meta":"","stick-header-meta":"","header-above-stick-meta":"","header-main-stick-meta":"","header-below-stick-meta":"","footnotes":""},"class_list":["post-200","page","type-page","status-publish","hentry"],"_links":{"self":[{"href":"https:\/\/www.microfintechinc.com\/es\/wp-json\/wp\/v2\/pages\/200","targetHints":{"allow":["GET"]}}],"collection":[{"href":"https:\/\/www.microfintechinc.com\/es\/wp-json\/wp\/v2\/pages"}],"about":[{"href":"https:\/\/www.microfintechinc.com\/es\/wp-json\/wp\/v2\/types\/page"}],"author":[{"embeddable":true,"href":"https:\/\/www.microfintechinc.com\/es\/wp-json\/wp\/v2\/users\/1"}],"replies":[{"embeddable":true,"href":"https:\/\/www.microfintechinc.com\/es\/wp-json\/wp\/v2\/comments?post=200"}],"version-history":[{"count":10,"href":"https:\/\/www.microfintechinc.com\/es\/wp-json\/wp\/v2\/pages\/200\/revisions"}],"predecessor-version":[{"id":685,"href":"https:\/\/www.microfintechinc.com\/es\/wp-json\/wp\/v2\/pages\/200\/revisions\/685"}],"wp:attachment":[{"href":"https:\/\/www.microfintechinc.com\/es\/wp-json\/wp\/v2\/media?parent=200"}],"curies":[{"name":"wp","href":"https:\/\/api.w.org\/{rel}","templated":true}]}}