{"id":191,"date":"2022-10-06T23:21:40","date_gmt":"2022-10-06T23:21:40","guid":{"rendered":"https:\/\/www.microfintechinc.com\/?page_id=191"},"modified":"2022-10-10T02:32:39","modified_gmt":"2022-10-10T02:32:39","slug":"transformacion-organizacional","status":"publish","type":"page","link":"https:\/\/www.microfintechinc.com\/es\/transformacion-organizacional\/","title":{"rendered":"Transformaci\u00f3n"},"content":{"rendered":"\n<h1 class=\"has-text-align-center wp-block-heading\" style=\"font-size:44px;text-transform:capitalize\"><strong>Transformaci\u00f3n Organizacional<\/strong><\/h1>\n\n\n\n<p style=\"font-size:32px\">MicroFinTech desarroll\u00f3 una metodolog\u00eda para liderar la Tranformaci\u00f3n Organizacional y sostener la Transformaci\u00f3n Digital:<\/p>\n\n\n\n<ul class=\"wp-block-list\" style=\"font-size:28px\"><li>Establecer Estructura de Gobernabilidad para la Transformaci\u00f3n Organizacional y la Transformaci\u00f3n Digital<\/li><li>Definir\/confirmar el Plan Estrat\u00e9gico de Negocio<\/li><li>Liderar el Cambio de Cultura Organizacional<\/li><li>Establecer los Procesos de Comunicaci\u00f3n<\/li><li>Aprovechar los Talentos Internos<\/li><li>Idear las Experiencias Clientes \u201cdesde afuera hac\u00eda adentro\u201d<\/li><\/ul>\n","protected":false},"excerpt":{"rendered":"<p>Transformaci\u00f3n Organizacional MicroFinTech desarroll\u00f3 una metodolog\u00eda para liderar la Tranformaci\u00f3n Organizacional y sostener la Transformaci\u00f3n Digital: Establecer Estructura de Gobernabilidad para la Transformaci\u00f3n Organizacional y la Transformaci\u00f3n Digital Definir\/confirmar el Plan Estrat\u00e9gico de Negocio Liderar el Cambio de Cultura Organizacional Establecer los Procesos de Comunicaci\u00f3n Aprovechar los Talentos Internos Idear las Experiencias Clientes \u201cdesde afuera &hellip;<\/p>\n<p class=\"read-more\"> <a class=\"\" href=\"https:\/\/www.microfintechinc.com\/es\/transformacion-organizacional\/\"> <span class=\"screen-reader-text\">Transformaci\u00f3n<\/span> Read More \u00bb<\/a><\/p>\n","protected":false},"author":1,"featured_media":0,"parent":0,"menu_order":4,"comment_status":"closed","ping_status":"closed","template":"","meta":{"site-sidebar-layout":"default","site-content-layout":"default","ast-global-header-display":"","ast-main-header-display":"","ast-hfb-above-header-display":"","ast-hfb-below-header-display":"","ast-hfb-mobile-header-display":"","site-post-title":"disabled","ast-breadcrumbs-content":"","ast-featured-img":"","footer-sml-layout":"","theme-transparent-header-meta":"","adv-header-id-meta":"","stick-header-meta":"","header-above-stick-meta":"","header-main-stick-meta":"","header-below-stick-meta":"","footnotes":""},"class_list":["post-191","page","type-page","status-publish","hentry"],"_links":{"self":[{"href":"https:\/\/www.microfintechinc.com\/es\/wp-json\/wp\/v2\/pages\/191","targetHints":{"allow":["GET"]}}],"collection":[{"href":"https:\/\/www.microfintechinc.com\/es\/wp-json\/wp\/v2\/pages"}],"about":[{"href":"https:\/\/www.microfintechinc.com\/es\/wp-json\/wp\/v2\/types\/page"}],"author":[{"embeddable":true,"href":"https:\/\/www.microfintechinc.com\/es\/wp-json\/wp\/v2\/users\/1"}],"replies":[{"embeddable":true,"href":"https:\/\/www.microfintechinc.com\/es\/wp-json\/wp\/v2\/comments?post=191"}],"version-history":[{"count":11,"href":"https:\/\/www.microfintechinc.com\/es\/wp-json\/wp\/v2\/pages\/191\/revisions"}],"predecessor-version":[{"id":693,"href":"https:\/\/www.microfintechinc.com\/es\/wp-json\/wp\/v2\/pages\/191\/revisions\/693"}],"wp:attachment":[{"href":"https:\/\/www.microfintechinc.com\/es\/wp-json\/wp\/v2\/media?parent=191"}],"curies":[{"name":"wp","href":"https:\/\/api.w.org\/{rel}","templated":true}]}}